{"id":1277,"date":"2025-12-24T04:40:02","date_gmt":"2025-12-24T04:40:02","guid":{"rendered":"https:\/\/manglocsu.com\/?page_id=1277"},"modified":"2025-12-24T04:43:59","modified_gmt":"2025-12-24T04:43:59","slug":"bai-viet-blog-04","status":"publish","type":"page","link":"https:\/\/manglocsu.com\/index.php\/bai-viet-blog\/bai-viet-blog-04\/","title":{"rendered":"B\u1ed2N N\u01af\u1edaC TRONG V\u1eaeT, KH\u00d4NG RONG R\u00caU"},"content":{"rendered":"\t\t<div data-elementor-type=\"wp-page\" data-elementor-id=\"1277\" class=\"elementor elementor-1277\" data-elementor-post-type=\"page\">\n\t\t\t\t\t\t<section class=\"elementor-section elementor-top-section elementor-element elementor-element-810852a elementor-section-boxed elementor-section-height-default elementor-section-height-default\" data-id=\"810852a\" data-element_type=\"section\">\n\t\t\t\t\t\t<div class=\"elementor-container elementor-column-gap-default\">\n\t\t\t\t\t<div class=\"elementor-column elementor-col-100 elementor-top-column elementor-element elementor-element-10deeb9\" data-id=\"10deeb9\" data-element_type=\"column\">\n\t\t\t<div class=\"elementor-widget-wrap elementor-element-populated\">\n\t\t\t\t\t\t<div class=\"elementor-element elementor-element-79e534e elementor-widget elementor-widget-spacer\" data-id=\"79e534e\" data-element_type=\"widget\" data-widget_type=\"spacer.default\">\n\t\t\t\t<div class=\"elementor-widget-container\">\n\t\t\t\t\t\t\t<div class=\"elementor-spacer\">\n\t\t\t<div class=\"elementor-spacer-inner\"><\/div>\n\t\t<\/div>\n\t\t\t\t\t\t<\/div>\n\t\t\t\t<\/div>\n\t\t\t\t<div class=\"elementor-element elementor-element-2afbf50 elementor-widget elementor-widget-text-editor\" data-id=\"2afbf50\" data-element_type=\"widget\" data-widget_type=\"text-editor.default\">\n\t\t\t\t<div class=\"elementor-widget-container\">\n\t\t\t\t\t\t\t\t\t<h4>B\u1ed2N N\u01af\u1edaC TRONG V\u1eaeT, KH\u00d4NG RONG R\u00caU: B\u00cd QUY\u1ebeT T\u1eea C\u00d4NG NGH\u1ec6 M\u00c0NG L\u1eccC S\u1ee8 SiC<\/h4><p>B\u1ea1n c\u00f3 bao gi\u1edd th\u1eafc m\u1eafc t\u1ea1i sao b\u1ed3n n\u01b0\u1edbc nh\u00e0 m\u00ecnh d\u00f9 \u0111\u00e3 c\u1ecd r\u1eeda th\u01b0\u1eddng xuy\u00ean nh\u01b0ng v\u1eabn nhanh ch\u00f3ng xu\u1ea5t hi\u1ec7n c\u1eb7n b\u1ea9n, rong r\u00eau v\u00e0 m\u00f9i h\u00f4i kh\u00f3 ch\u1ecbu?<br \/>\u0110\u1ec3 gi\u1ea3i quy\u1ebft tri\u1ec7t \u0111\u1ec3 v\u1ea5n \u0111\u1ec1 n\u00e0y, M\u00e0ng l\u1ecdc s\u1ee9 Silicon Carbide (SiC) ch\u00ednh l\u00e0 &#8220;ch\u00eca kh\u00f3a v\u00e0ng&#8221; gi\u00fap b\u1ea1n s\u1edf h\u1eefu b\u1ed3n n\u01b0\u1edbc m\u01a1 \u01b0\u1edbc: S\u1ea1ch bong \u2013 Trong v\u1eaft \u2013 An to\u00e0n tuy\u1ec7t \u0111\u1ed1i.<br \/>\ud83d\udc8e B\u1ed3n N\u01b0\u1edbc M\u01a1 \u01af\u1edbc: Kh\u00f4ng C\u00f2n L\u00e0 N\u1ed7i Lo<\/p><p>V\u1edbi m\u00e0ng l\u1ecdc s\u1ee9 SiC l\u1eafp \u0111\u1eb7t ngay \u0111\u1ea7u ngu\u1ed3n, ngu\u1ed3n n\u01b0\u1edbc nh\u00e0 b\u1ea1n s\u1ebd \u0111\u01b0\u1ee3c b\u1ea3o v\u1ec7 to\u00e0n di\u1ec7n:<br \/>\u2022 T\u1ea1m bi\u1ec7t rong r\u00eau &amp; c\u00e1u c\u1eb7n: K\u00edch th\u01b0\u1edbc si\u00eau l\u1ecdc 0.1 micron lo\u1ea1i b\u1ecf ho\u00e0n to\u00e0n b\u00f9n \u0111\u1ea5t v\u00e0 c\u00e1c t\u00e1c nh\u00e2n g\u00e2y h\u00ecnh th\u00e0nh rong r\u00eau trong b\u1ed3n ch\u1ee9a.<br \/>\u2022 N\u01b0\u1edbc trong v\u1eaft chu\u1ea9n Ch\u00e2u \u00c2u: Lo\u1ea1i b\u1ecf r\u1ec9 s\u00e9t v\u00e0 c\u00e1c ch\u1ea5t l\u01a1 l\u1eedng, tr\u1ea3 l\u1ea1i \u0111\u1ed9 trong tinh khi\u1ebft cho ngu\u1ed3n n\u01b0\u1edbc sinh ho\u1ea1t.<br \/>\u2022 S\u1ea1ch bong k\u00edn k\u1ebd: Ng\u0103n ch\u1eb7n c\u1eb7n b\u1ea9n b\u00e1m d\u00ednh v\u00e0o th\u00e0nh b\u1ed3n v\u00e0 c\u00e1c thi\u1ebft b\u1ecb v\u1ec7 sinh cao c\u1ea5p trong nh\u00e0, gi\u00fap t\u0103ng tu\u1ed5i th\u1ecd \u0111\u1ed3 d\u00f9ng kim lo\u1ea1i.<\/p><p>\ud83d\udee1\ufe0f \u0110\u1ea3m B\u1ea3o S\u1ee9c Kh\u1ecfe T\u01b0\u01a1ng Lai Cho Gia \u0110\u00ecnh<br \/>Vi\u1ec7c \u0111\u1ea7u t\u01b0 v\u00e0o m\u00e0ng l\u1ecdc s\u1ee9 kh\u00f4ng ch\u1ec9 l\u00e0 mua m\u1ed9t thi\u1ebft b\u1ecb, m\u00e0 l\u00e0 \u0111\u1ea7u t\u01b0 cho m\u1ed9t t\u01b0\u01a1ng lai kh\u1ecfe m\u1ea1nh:<br \/>1. V\u00f4 tr\u00f9ng tuy\u1ec7t \u0111\u1ed1i: Kh\u1ea3 n\u0103ng lo\u1ea1i b\u1ecf vi khu\u1ea9n v\u01b0\u1ee3t tr\u1ed9i, b\u1ea3o v\u1ec7 l\u00e0n da v\u00e0 h\u1ec7 ti\u00eau h\u00f3a cho tr\u1ebb nh\u1ecf.<br \/>2. Gi\u1eef tr\u1ecdn kho\u00e1ng ch\u1ea5t: Kh\u00e1c v\u1edbi c\u00e1c h\u1ec7 th\u1ed1ng l\u1ecdc th\u00f4ng th\u01b0\u1eddng, m\u00e0ng s\u1ee9 SiC gi\u1eef l\u1ea1i c\u00e1c kho\u00e1ng ch\u1ea5t t\u1ef1 nhi\u00ean c\u1ea7n thi\u1ebft, \u0111\u1ea3m b\u1ea3o ngu\u1ed3n n\u01b0\u1edbc &#8220;s\u1ed1ng&#8221; t\u1ed1t nh\u1ea5t cho c\u01a1 th\u1ec3.<br \/>3. An to\u00e0n b\u1ec1n v\u1eefng: C\u00f4ng ngh\u1ec7 nh\u1eadp kh\u1ea9u tr\u1ef1c ti\u1ebfp t\u1eeb Ch\u00e2u \u00c2u v\u1edbi quy tr\u00ecnh s\u1ea3n xu\u1ea5t kh\u1eaft khe, \u0111\u1ea1t chu\u1ea9n qu\u1ed1c t\u1ebf.<\/p><p>H\u00e3y \u0111\u1ec3 m\u1ed7i gi\u1ecdt n\u01b0\u1edbc ch\u1ea3y ra t\u1eeb v\u00f2i nh\u00e0 b\u1ea1n \u0111\u1ec1u l\u00e0 ngu\u1ed3n n\u01b0\u1edbc c\u1ee7a s\u1ef1 an t\u00e2m!<\/p><p>LI\u00caN H\u1ec6 NGAY \u0110\u1ec2 \u0110\u01af\u1ee2C T\u01af V\u1ea4N V\u00c0 KH\u1ea2O S\u00c1T MI\u1ec4N PH\u00cd:<br \/>\u2022 Website: manglocsu.com<br \/>\u2022 Hotline: 037 677 3915<br \/>#M\u00e0ngL\u1ecdcS\u1ee9 #N\u01b0\u1edbcS\u1ea1chM\u01a1\u01af\u1edbc #S\u1ee9cKh\u1ecfeGia\u0110\u00ecnh #C\u00f4ngNgh\u1ec7SiC #TPHCM2024<\/p>\t\t\t\t\t\t\t\t<\/div>\n\t\t\t\t<\/div>\n\t\t\t\t<div class=\"elementor-element elementor-element-b8a1534 elementor-widget elementor-widget-image\" data-id=\"b8a1534\" data-element_type=\"widget\" data-widget_type=\"image.default\">\n\t\t\t\t<div class=\"elementor-widget-container\">\n\t\t\t\t\t\t\t\t\t\t\t\t\t\t\t<img fetchpriority=\"high\" decoding=\"async\" width=\"1970\" height=\"1108\" src=\"https:\/\/manglocsu.com\/wp-content\/uploads\/2025\/12\/MLS2025-04.png\" class=\"attachment-full size-full wp-image-1280\" alt=\"\" srcset=\"https:\/\/manglocsu.com\/wp-content\/uploads\/2025\/12\/MLS2025-04.png 1970w, https:\/\/manglocsu.com\/wp-content\/uploads\/2025\/12\/MLS2025-04-300x169.png 300w, https:\/\/manglocsu.com\/wp-content\/uploads\/2025\/12\/MLS2025-04-1024x576.png 1024w, https:\/\/manglocsu.com\/wp-content\/uploads\/2025\/12\/MLS2025-04-768x432.png 768w, https:\/\/manglocsu.com\/wp-content\/uploads\/2025\/12\/MLS2025-04-1536x864.png 1536w, https:\/\/manglocsu.com\/wp-content\/uploads\/2025\/12\/MLS2025-04-600x337.png 600w\" sizes=\"(max-width: 1970px) 100vw, 1970px\" \/>\t\t\t\t\t\t\t\t\t\t\t\t\t\t\t<\/div>\n\t\t\t\t<\/div>\n\t\t\t\t<div class=\"elementor-element elementor-element-4f25b13 elementor-widget elementor-widget-spacer\" data-id=\"4f25b13\" data-element_type=\"widget\" data-widget_type=\"spacer.default\">\n\t\t\t\t<div class=\"elementor-widget-container\">\n\t\t\t\t\t\t\t<div class=\"elementor-spacer\">\n\t\t\t<div class=\"elementor-spacer-inner\"><\/div>\n\t\t<\/div>\n\t\t\t\t\t\t<\/div>\n\t\t\t\t<\/div>\n\t\t\t\t\t<\/div>\n\t\t<\/div>\n\t\t\t\t\t<\/div>\n\t\t<\/section>\n\t\t<div class=\"elementor-element elementor-element-d6924af e-flex e-con-boxed e-con e-parent\" data-id=\"d6924af\" data-element_type=\"container\">\n\t\t\t\t\t<div class=\"e-con-inner\">\n\t\t\t\t<div class=\"elementor-element elementor-element-1b3e7ff elementor--h-position-center elementor--v-position-middle elementor-arrows-position-inside elementor-pagination-position-inside elementor-widget elementor-widget-slides\" data-id=\"1b3e7ff\" data-element_type=\"widget\" data-settings=\"{&quot;navigation&quot;:&quot;both&quot;,&quot;autoplay&quot;:&quot;yes&quot;,&quot;pause_on_hover&quot;:&quot;yes&quot;,&quot;pause_on_interaction&quot;:&quot;yes&quot;,&quot;autoplay_speed&quot;:5000,&quot;infinite&quot;:&quot;yes&quot;,&quot;transition&quot;:&quot;slide&quot;,&quot;transition_speed&quot;:500}\" data-widget_type=\"slides.default\">\n\t\t\t\t<div class=\"elementor-widget-container\">\n\t\t\t\t\t\t\t\t\t<div class=\"elementor-swiper\">\n\t\t\t\t\t<div class=\"elementor-slides-wrapper elementor-main-swiper swiper\" role=\"region\" aria-roledescription=\"carousel\" aria-label=\"Slides\" dir=\"ltr\" data-animation=\"fadeInUp\">\n\t\t\t\t<div class=\"swiper-wrapper elementor-slides\">\n\t\t\t\t\t\t\t\t\t\t<div class=\"elementor-repeater-item-553f3d9 swiper-slide\" role=\"group\" aria-roledescription=\"slide\"><div class=\"swiper-slide-bg\"><\/div><div class=\"swiper-slide-inner\" ><div class=\"swiper-slide-contents\"><div class=\"elementor-slide-heading\"> V\u00ec Sao M\u1ed7i Gia \u0110\u00ecnh N\u00ean L\u1eafp \u0110\u1eb7t B\u1ed9 L\u1ecdc N\u01b0\u1edbc T\u1ed5ng?<\/div><\/div><\/div><\/div>\t\t\t\t<\/div>\n\t\t\t\t\t\t\t<\/div>\n\t\t\t\t<\/div>\n\t\t\t\t\t\t\t\t<\/div>\n\t\t\t\t<\/div>\n\t\t\t\t\t<\/div>\n\t\t\t\t<\/div>\n\t\t<div class=\"elementor-element elementor-element-9d6be2d e-grid e-con-boxed e-con e-parent\" data-id=\"9d6be2d\" data-element_type=\"container\">\n\t\t\t\t\t<div class=\"e-con-inner\">\n\t\t\t\t<div class=\"elementor-element elementor-element-d784544 elementor--v-position-top elementor--h-position-center elementor-arrows-position-inside elementor-pagination-position-inside elementor-widget elementor-widget-slides\" data-id=\"d784544\" data-element_type=\"widget\" data-settings=\"{&quot;navigation&quot;:&quot;both&quot;,&quot;autoplay&quot;:&quot;yes&quot;,&quot;pause_on_hover&quot;:&quot;yes&quot;,&quot;pause_on_interaction&quot;:&quot;yes&quot;,&quot;autoplay_speed&quot;:5000,&quot;infinite&quot;:&quot;yes&quot;,&quot;transition&quot;:&quot;slide&quot;,&quot;transition_speed&quot;:500}\" data-widget_type=\"slides.default\">\n\t\t\t\t<div class=\"elementor-widget-container\">\n\t\t\t\t\t\t\t\t\t<div class=\"elementor-swiper\">\n\t\t\t\t\t<div class=\"elementor-slides-wrapper elementor-main-swiper swiper\" role=\"region\" aria-roledescription=\"carousel\" aria-label=\"Slides\" dir=\"ltr\" data-animation=\"fadeInUp\">\n\t\t\t\t<div class=\"swiper-wrapper elementor-slides\">\n\t\t\t\t\t\t\t\t\t\t<div class=\"elementor-repeater-item-21aa3cb swiper-slide\" role=\"group\" aria-roledescription=\"slide\"><div class=\"swiper-slide-bg\"><\/div><div class=\"swiper-slide-inner\" ><div class=\"swiper-slide-contents\"><div class=\"elementor-slide-heading\">\ud83d\udee1\ufe0f B\u1ea3o v\u1ec7 s\u1ee9c kh\u1ecfe to\u00e0n di\u1ec7n cho gia \u0111\u00ecnh<\/div><div class=\"elementor-slide-description\">\nKh\u00f4ng ch\u1ec9 n\u01b0\u1edbc u\u1ed1ng m\u1edbi \u1ea3nh h\u01b0\u1edfng \u0111\u1ebfn s\u1ee9c kh\u1ecfe. Ngu\u1ed3n n\u01b0\u1edbc sinh ho\u1ea1t ch\u1ee9a vi khu\u1ea9n, c\u1eb7n b\u1ea9n, h\u00f3a ch\u1ea5t\u2026 c\u00f3 th\u1ec3 g\u00e2y k\u00edch \u1ee9ng da, l\u00e0m kh\u00f4 t\u00f3c, v\u00e0 \u1ea3nh h\u01b0\u1edfng ti\u00eau c\u1ef1c \u0111\u1ebfn l\u00e0n da c\u1ee7a tr\u1ebb nh\u1ecf ho\u1eb7c ng\u01b0\u1eddi c\u00f3 c\u01a1 \u0111\u1ecba nh\u1ea1y c\u1ea3m. <br><br>\n\u201cN\u01b0\u1edbc s\u1ea1ch kh\u00f4ng ch\u1ec9 \u0111\u1ec3 u\u1ed1ng \u2013 m\u00e0 l\u00e0 \u0111\u1ec3 s\u1ed1ng kho\u1ebb m\u1ed7i ng\u00e0y.\u201d\n<\/div><\/div><\/div><\/div>\t\t\t\t<\/div>\n\t\t\t\t\t\t\t<\/div>\n\t\t\t\t<\/div>\n\t\t\t\t\t\t\t\t<\/div>\n\t\t\t\t<\/div>\n\t\t\t\t<div class=\"elementor-element elementor-element-593af58 elementor--v-position-top elementor--h-position-center elementor-arrows-position-inside elementor-pagination-position-inside elementor-widget elementor-widget-slides\" data-id=\"593af58\" data-element_type=\"widget\" data-settings=\"{&quot;navigation&quot;:&quot;both&quot;,&quot;autoplay&quot;:&quot;yes&quot;,&quot;pause_on_hover&quot;:&quot;yes&quot;,&quot;pause_on_interaction&quot;:&quot;yes&quot;,&quot;autoplay_speed&quot;:5000,&quot;infinite&quot;:&quot;yes&quot;,&quot;transition&quot;:&quot;slide&quot;,&quot;transition_speed&quot;:500}\" data-widget_type=\"slides.default\">\n\t\t\t\t<div class=\"elementor-widget-container\">\n\t\t\t\t\t\t\t\t\t<div class=\"elementor-swiper\">\n\t\t\t\t\t<div class=\"elementor-slides-wrapper elementor-main-swiper swiper\" role=\"region\" aria-roledescription=\"carousel\" aria-label=\"Slides\" dir=\"ltr\" data-animation=\"fadeInUp\">\n\t\t\t\t<div class=\"swiper-wrapper elementor-slides\">\n\t\t\t\t\t\t\t\t\t\t<div class=\"elementor-repeater-item-21aa3cb swiper-slide\" role=\"group\" aria-roledescription=\"slide\"><div class=\"swiper-slide-bg\"><\/div><div class=\"swiper-slide-inner\" ><div class=\"swiper-slide-contents\"><div class=\"elementor-slide-heading\">\ud83d\udee0\ufe0f B\u1ea3o v\u1ec7 h\u1ec7 th\u1ed1ng \u1ed1ng n\u01b0\u1edbc v\u00e0 thi\u1ebft b\u1ecb gia d\u1ee5ng<\/div><div class=\"elementor-slide-description\">N\u01b0\u1edbc nhi\u1ec5m s\u1eaft, mangan ho\u1eb7c ch\u1ee9a nhi\u1ec1u ch\u1ea5t r\u1eafn l\u01a1 l\u1eedng c\u00f3 th\u1ec3 g\u00e2y:<br>\n\u2022\tR\u1ec9 s\u00e9t, \u1ed1 v\u00e0ng b\u1ed3n r\u1eeda, b\u1ed3n c\u1ea7u, v\u00f2i sen<br>\n\u2022\t\u0110\u00f3ng c\u1eb7n trong m\u00e1y n\u01b0\u1edbc n\u00f3ng, m\u00e1y gi\u1eb7t, g\u00e2y gi\u1ea3m hi\u1ec7u su\u1ea5t<br>\n\u2022\tT\u1eafc ngh\u1ebdn \u1ed1ng d\u1eabn n\u01b0\u1edbc \u2013 \u0111\u1eb7c bi\u1ec7t \u1edf khu v\u1ef1c c\u00f3 ngu\u1ed3n n\u01b0\u1edbc gi\u1ebfng<br><br><\/div><\/div><\/div><\/div>\t\t\t\t<\/div>\n\t\t\t\t\t\t\t<\/div>\n\t\t\t\t<\/div>\n\t\t\t\t\t\t\t\t<\/div>\n\t\t\t\t<\/div>\n\t\t\t\t<div class=\"elementor-element elementor-element-3d7c4e1 elementor--v-position-top elementor--h-position-center elementor-arrows-position-inside elementor-pagination-position-inside elementor-widget elementor-widget-slides\" data-id=\"3d7c4e1\" data-element_type=\"widget\" data-settings=\"{&quot;navigation&quot;:&quot;both&quot;,&quot;autoplay&quot;:&quot;yes&quot;,&quot;pause_on_hover&quot;:&quot;yes&quot;,&quot;pause_on_interaction&quot;:&quot;yes&quot;,&quot;autoplay_speed&quot;:5000,&quot;infinite&quot;:&quot;yes&quot;,&quot;transition&quot;:&quot;slide&quot;,&quot;transition_speed&quot;:500}\" data-widget_type=\"slides.default\">\n\t\t\t\t<div class=\"elementor-widget-container\">\n\t\t\t\t\t\t\t\t\t<div class=\"elementor-swiper\">\n\t\t\t\t\t<div class=\"elementor-slides-wrapper elementor-main-swiper swiper\" role=\"region\" aria-roledescription=\"carousel\" aria-label=\"Slides\" dir=\"ltr\" data-animation=\"fadeInUp\">\n\t\t\t\t<div class=\"swiper-wrapper elementor-slides\">\n\t\t\t\t\t\t\t\t\t\t<div class=\"elementor-repeater-item-21aa3cb swiper-slide\" role=\"group\" aria-roledescription=\"slide\"><div class=\"swiper-slide-bg\"><\/div><div class=\"swiper-slide-inner\" ><div class=\"swiper-slide-contents\"><div class=\"elementor-slide-heading\">\ud83d\udcb8 Ti\u1ebft ki\u1ec7m chi ph\u00ed l\u00e2u d\u00e0i<\/div><div class=\"elementor-slide-description\">\nM\u1ed9t h\u1ec7 th\u1ed1ng l\u1ecdc t\u1ed5ng hi\u1ec7u qu\u1ea3 gi\u00fap:<br>\n\u2022\tGi\u1ea3m chi ph\u00ed s\u1eeda ch\u1eefa thi\u1ebft b\u1ecb<br>\n\u2022\tGi\u1ea3m ti\u00eau hao x\u00e0 ph\u00f2ng, ch\u1ea5t t\u1ea9y trong gi\u1eb7t gi\u0169<br>\n\u2022\tT\u0103ng tu\u1ed5i th\u1ecd h\u1ec7 th\u1ed1ng n\u01b0\u1edbc trong nh\u00e0<\/div><\/div><\/div><\/div>\t\t\t\t<\/div>\n\t\t\t\t\t\t\t<\/div>\n\t\t\t\t<\/div>\n\t\t\t\t\t\t\t\t<\/div>\n\t\t\t\t<\/div>\n\t\t\t\t\t<\/div>\n\t\t\t\t<\/div>\n\t\t<div class=\"elementor-element elementor-element-45f6b21 e-flex e-con-boxed e-con e-parent\" data-id=\"45f6b21\" data-element_type=\"container\">\n\t\t\t\t\t<div class=\"e-con-inner\">\n\t\t\t\t<div class=\"elementor-element elementor-element-fd23ff7 elementor-widget elementor-widget-spacer\" data-id=\"fd23ff7\" data-element_type=\"widget\" data-widget_type=\"spacer.default\">\n\t\t\t\t<div class=\"elementor-widget-container\">\n\t\t\t\t\t\t\t<div class=\"elementor-spacer\">\n\t\t\t<div class=\"elementor-spacer-inner\"><\/div>\n\t\t<\/div>\n\t\t\t\t\t\t<\/div>\n\t\t\t\t<\/div>\n\t\t\t\t\t<\/div>\n\t\t\t\t<\/div>\n\t\t\t\t<\/div>\n\t\t","protected":false},"excerpt":{"rendered":"<p>B\u1ed2N N\u01af\u1edaC TRONG V\u1eaeT, KH\u00d4NG RONG R\u00caU: B\u00cd QUY\u1ebeT T\u1eea C\u00d4NG NGH\u1ec6 M\u00c0NG L\u1eccC S\u1ee8 SiC B\u1ea1n c\u00f3 bao gi\u1edd th\u1eafc m\u1eafc t\u1ea1i sao b\u1ed3n n\u01b0\u1edbc nh\u00e0 m\u00ecnh d\u00f9 \u0111\u00e3 c\u1ecd r\u1eeda th\u01b0\u1eddng xuy\u00ean nh\u01b0ng v\u1eabn nhanh ch\u00f3ng xu\u1ea5t hi\u1ec7n c\u1eb7n b\u1ea9n, rong r\u00eau v\u00e0 m\u00f9i h\u00f4i kh\u00f3 ch\u1ecbu?\u0110\u1ec3 gi\u1ea3i quy\u1ebft tri\u1ec7t \u0111\u1ec3 v\u1ea5n \u0111\u1ec1 [&hellip;]<\/p>\n","protected":false},"author":1,"featured_media":0,"parent":565,"menu_order":0,"comment_status":"closed","ping_status":"closed","template":"","meta":{"footnotes":""},"class_list":["post-1277","page","type-page","status-publish","hentry"],"_links":{"self":[{"href":"https:\/\/manglocsu.com\/index.php\/wp-json\/wp\/v2\/pages\/1277","targetHints":{"allow":["GET"]}}],"collection":[{"href":"https:\/\/manglocsu.com\/index.php\/wp-json\/wp\/v2\/pages"}],"about":[{"href":"https:\/\/manglocsu.com\/index.php\/wp-json\/wp\/v2\/types\/page"}],"author":[{"embeddable":true,"href":"https:\/\/manglocsu.com\/index.php\/wp-json\/wp\/v2\/users\/1"}],"replies":[{"embeddable":true,"href":"https:\/\/manglocsu.com\/index.php\/wp-json\/wp\/v2\/comments?post=1277"}],"version-history":[{"count":7,"href":"https:\/\/manglocsu.com\/index.php\/wp-json\/wp\/v2\/pages\/1277\/revisions"}],"predecessor-version":[{"id":1286,"href":"https:\/\/manglocsu.com\/index.php\/wp-json\/wp\/v2\/pages\/1277\/revisions\/1286"}],"up":[{"embeddable":true,"href":"https:\/\/manglocsu.com\/index.php\/wp-json\/wp\/v2\/pages\/565"}],"wp:attachment":[{"href":"https:\/\/manglocsu.com\/index.php\/wp-json\/wp\/v2\/media?parent=1277"}],"curies":[{"name":"wp","href":"https:\/\/api.w.org\/{rel}","templated":true}]}}