{"id":675,"date":"2025-07-16T09:34:07","date_gmt":"2025-07-16T09:34:07","guid":{"rendered":"https:\/\/manglocsu.com\/?page_id=675"},"modified":"2025-07-16T09:35:38","modified_gmt":"2025-07-16T09:35:38","slug":"chinh-sach-bao-hanh","status":"publish","type":"page","link":"https:\/\/manglocsu.com\/index.php\/chinh-sach-bao-hanh\/","title":{"rendered":"Ch\u00ednh S\u00e1ch B\u1ea3o H\u00e0nh"},"content":{"rendered":"\t\t<div data-elementor-type=\"wp-post\" data-elementor-id=\"675\" class=\"elementor elementor-675\" data-elementor-post-type=\"page\">\n\t\t\t\t\t\t<section class=\"elementor-section elementor-top-section elementor-element elementor-element-f5e7836 elementor-section-full_width elementor-section-height-default elementor-section-height-default\" data-id=\"f5e7836\" data-element_type=\"section\">\n\t\t\t\t\t\t<div class=\"elementor-container elementor-column-gap-default\">\n\t\t\t\t\t<div class=\"elementor-column elementor-col-100 elementor-top-column elementor-element elementor-element-cfdf7c8\" data-id=\"cfdf7c8\" data-element_type=\"column\">\n\t\t\t<div class=\"elementor-widget-wrap elementor-element-populated\">\n\t\t\t\t\t\t<div class=\"elementor-element elementor-element-7a11b56 elementor-widget elementor-widget-image\" data-id=\"7a11b56\" data-element_type=\"widget\" data-widget_type=\"image.default\">\n\t\t\t\t<div class=\"elementor-widget-container\">\n\t\t\t\t\t\t\t\t\t\t\t\t\t\t\t<img fetchpriority=\"high\" decoding=\"async\" width=\"1920\" height=\"599\" src=\"https:\/\/manglocsu.com\/wp-content\/uploads\/2023\/04\/Hinh-trang-chu-6.png\" class=\"attachment-full size-full wp-image-178\" alt=\"\" srcset=\"https:\/\/manglocsu.com\/wp-content\/uploads\/2023\/04\/Hinh-trang-chu-6.png 1920w, https:\/\/manglocsu.com\/wp-content\/uploads\/2023\/04\/Hinh-trang-chu-6-300x94.png 300w, https:\/\/manglocsu.com\/wp-content\/uploads\/2023\/04\/Hinh-trang-chu-6-1024x319.png 1024w, https:\/\/manglocsu.com\/wp-content\/uploads\/2023\/04\/Hinh-trang-chu-6-768x240.png 768w, https:\/\/manglocsu.com\/wp-content\/uploads\/2023\/04\/Hinh-trang-chu-6-1536x479.png 1536w, https:\/\/manglocsu.com\/wp-content\/uploads\/2023\/04\/Hinh-trang-chu-6-600x187.png 600w\" sizes=\"(max-width: 1920px) 100vw, 1920px\" \/>\t\t\t\t\t\t\t\t\t\t\t\t\t\t\t<\/div>\n\t\t\t\t<\/div>\n\t\t\t\t\t<\/div>\n\t\t<\/div>\n\t\t\t\t\t<\/div>\n\t\t<\/section>\n\t\t\t\t<section class=\"elementor-section elementor-top-section elementor-element elementor-element-dbdbaa6 elementor-section-boxed elementor-section-height-default elementor-section-height-default\" data-id=\"dbdbaa6\" data-element_type=\"section\">\n\t\t\t\t\t\t<div class=\"elementor-container elementor-column-gap-default\">\n\t\t\t\t\t<div class=\"elementor-column elementor-col-100 elementor-top-column elementor-element elementor-element-dd69891\" data-id=\"dd69891\" data-element_type=\"column\">\n\t\t\t<div class=\"elementor-widget-wrap elementor-element-populated\">\n\t\t\t\t\t\t<div class=\"elementor-element elementor-element-14fe822 elementor-widget elementor-widget-text-editor\" data-id=\"14fe822\" data-element_type=\"widget\" data-widget_type=\"text-editor.default\">\n\t\t\t\t<div class=\"elementor-widget-container\">\n\t\t\t\t\t\t\t\t\t<h5 data-start=\"147\" data-end=\"197\">\ud83d\udd12 <strong data-start=\"153\" data-end=\"197\">CH\u00cdNH S\u00c1CH B\u1ea2O H\u00c0NH 10 N\u0102M \u2013 M\u00c0NG L\u1eccC S\u1ee8<\/strong><\/h5><h5 data-start=\"199\" data-end=\"233\">\ud83c\udfaf <strong data-start=\"206\" data-end=\"233\">Cam k\u1ebft t\u1eeb nh\u00e0 cung c\u1ea5p<\/strong><\/h5><p data-start=\"234\" data-end=\"447\">Ch\u00fang t\u00f4i t\u1ef1 h\u00e0o mang \u0111\u1ebfn s\u1ea3n ph\u1ea9m <strong data-start=\"269\" data-end=\"299\">M\u00e0ng L\u1ecdc S\u1ee9 ch\u1ea5t l\u01b0\u1ee3ng cao<\/strong>, \u0111\u01b0\u1ee3c s\u1ea3n xu\u1ea5t theo ti\u00eau chu\u1ea9n qu\u1ed1c t\u1ebf v\u00e0 \u00e1p d\u1ee5ng ch\u00ednh s\u00e1ch <strong data-start=\"361\" data-end=\"388\">b\u1ea3o h\u00e0nh l\u00ean \u0111\u1ebfn 10 n\u0103m<\/strong> \u0111\u1ec3 \u0111\u1ea3m b\u1ea3o s\u1ef1 an t\u00e2m v\u00e0 h\u00e0i l\u00f2ng tuy\u1ec7t \u0111\u1ed1i cho kh\u00e1ch h\u00e0ng.<\/p><h5 data-start=\"454\" data-end=\"481\">\ud83d\udce6 <strong data-start=\"461\" data-end=\"481\">Ph\u1ea1m vi b\u1ea3o h\u00e0nh<\/strong><\/h5><p data-start=\"482\" data-end=\"649\">\u2705 B\u1ea3o h\u00e0nh <strong data-start=\"493\" data-end=\"503\">10 n\u0103m<\/strong> \u0111\u1ed1i v\u1edbi ph\u1ea7n <strong data-start=\"517\" data-end=\"541\">th\u00e2n m\u00e0ng s\u1ee9 ceramic<\/strong>, trong \u0111i\u1ec1u ki\u1ec7n s\u1eed d\u1ee5ng v\u00e0 v\u1ec7 sinh \u0111\u00fang h\u01b0\u1edbng d\u1eabn.<br data-start=\"593\" data-end=\"596\" \/>\u2705 \u00c1p d\u1ee5ng cho c\u00e1c l\u1ed7i k\u1ef9 thu\u1eadt t\u1eeb nh\u00e0 s\u1ea3n xu\u1ea5t nh\u01b0:<\/p><ul data-start=\"650\" data-end=\"778\"><li data-start=\"650\" data-end=\"680\"><p data-start=\"652\" data-end=\"680\">N\u1ee9t v\u1ee1 do k\u1ebft c\u1ea5u v\u1eadt li\u1ec7u<\/p><\/li><li data-start=\"681\" data-end=\"729\"><p data-start=\"683\" data-end=\"729\">H\u01b0 h\u1ecfng m\u00e0ng trong \u0111i\u1ec1u ki\u1ec7n s\u1eed d\u1ee5ng b\u00ecnh th\u01b0\u1eddng<\/p><\/li><\/ul><h5 data-start=\"785\" data-end=\"842\">\u26a0\ufe0f <strong data-start=\"792\" data-end=\"842\">Kh\u00f4ng \u00e1p d\u1ee5ng b\u1ea3o h\u00e0nh \u0111\u1ed1i v\u1edbi c\u00e1c tr\u01b0\u1eddng h\u1ee3p:<\/strong><\/h5><p data-start=\"843\" data-end=\"1094\">\u274c L\u00e0m r\u01a1i, va \u0111\u1eadp m\u1ea1nh d\u1eabn \u0111\u1ebfn n\u1ee9t v\u1ee1<br data-start=\"880\" data-end=\"883\" \/>\u274c D\u00f9ng sai h\u01b0\u1edbng d\u1eabn (d\u00f9ng \u00e1p l\u1ef1c qu\u00e1 m\u1ee9c, kh\u00f4ng v\u1ec7 sinh \u0111\u1ecbnh k\u1ef3\u2026)<br data-start=\"949\" data-end=\"952\" \/>\u274c T\u1ef1 \u00fd thay \u0111\u1ed5i k\u1ebft c\u1ea5u ho\u1eb7c s\u1eed d\u1ee5ng v\u1edbi h\u00f3a ch\u1ea5t t\u1ea9y m\u1ea1nh kh\u00f4ng ph\u00f9 h\u1ee3p<br data-start=\"1024\" data-end=\"1027\" \/>\u274c H\u01b0 h\u1ecfng do l\u1eafp \u0111\u1eb7t sai k\u1ef9 thu\u1eadt t\u1eeb b\u00ean th\u1ee9 ba kh\u00f4ng \u0111\u01b0\u1ee3c \u1ee7y quy\u1ec1n<\/p><h5 data-start=\"1101\" data-end=\"1137\">\ud83d\udee0\ufe0f <strong data-start=\"1109\" data-end=\"1137\">H\u1ed7 tr\u1ee3 k\u1ef9 thu\u1eadt tr\u1ecdn \u0111\u1eddi<\/strong><\/h5><p data-start=\"1138\" data-end=\"1333\">Ngo\u00e0i ch\u00ednh s\u00e1ch b\u1ea3o h\u00e0nh 10 n\u0103m, ch\u00fang t\u00f4i cung c\u1ea5p <strong data-start=\"1191\" data-end=\"1249\">d\u1ecbch v\u1ee5 v\u1ec7 sinh \u2013 ki\u1ec3m tra \u2013 t\u00e1i \u0111\u00e1nh gi\u00e1 m\u00e0ng \u0111\u1ecbnh k\u1ef3<\/strong> (c\u00f3 t\u00ednh ph\u00ed) nh\u1eb1m \u0111\u1ea3m b\u1ea3o kh\u00e1ch h\u00e0ng s\u1eed d\u1ee5ng s\u1ea3n ph\u1ea9m hi\u1ec7u qu\u1ea3 v\u00e0 an to\u00e0n l\u00e2u d\u00e0i.<\/p><p data-start=\"1340\" data-end=\"1494\">\ud83d\udcac <strong data-start=\"1343\" data-end=\"1380\">M\u1ecdi y\u00eau c\u1ea7u b\u1ea3o h\u00e0nh xin li\u00ean h\u1ec7:<\/strong><br data-start=\"1380\" data-end=\"1383\" \/>\ud83d\udce9 Email: kinhdoanh@manglocsu.com<br data-start=\"1439\" data-end=\"1442\" \/>\ud83d\udd52 Th\u1eddi gian ti\u1ebfp nh\u1eadn: 8:00 \u2013 17:00 (Th\u1ee9 2 \u2013 CN)<\/p>\t\t\t\t\t\t\t\t<\/div>\n\t\t\t\t<\/div>\n\t\t\t\t\t<\/div>\n\t\t<\/div>\n\t\t\t\t\t<\/div>\n\t\t<\/section>\n\t\t\t\t<section class=\"elementor-section elementor-top-section elementor-element elementor-element-e590888 elementor-section-boxed elementor-section-height-default elementor-section-height-default\" data-id=\"e590888\" data-element_type=\"section\">\n\t\t\t\t\t\t<div class=\"elementor-container elementor-column-gap-default\">\n\t\t\t\t\t<div class=\"elementor-column elementor-col-100 elementor-top-column elementor-element elementor-element-25b6275\" data-id=\"25b6275\" data-element_type=\"column\">\n\t\t\t<div class=\"elementor-widget-wrap elementor-element-populated\">\n\t\t\t\t\t\t<div class=\"elementor-element elementor-element-445e310 elementor-invisible elementor-widget elementor-widget-image\" data-id=\"445e310\" data-element_type=\"widget\" data-settings=\"{&quot;_animation&quot;:&quot;zoomIn&quot;}\" data-widget_type=\"image.default\">\n\t\t\t\t<div class=\"elementor-widget-container\">\n\t\t\t\t\t\t\t\t\t\t\t\t\t\t\t<img decoding=\"async\" width=\"2560\" height=\"1075\" src=\"https:\/\/manglocsu.com\/wp-content\/uploads\/2025\/07\/Anh-man-hinh-2025-07-16-luc-10.02.14-scaled.png\" class=\"attachment-full size-full wp-image-481\" alt=\"\" srcset=\"https:\/\/manglocsu.com\/wp-content\/uploads\/2025\/07\/Anh-man-hinh-2025-07-16-luc-10.02.14-scaled.png 2560w, https:\/\/manglocsu.com\/wp-content\/uploads\/2025\/07\/Anh-man-hinh-2025-07-16-luc-10.02.14-300x126.png 300w, https:\/\/manglocsu.com\/wp-content\/uploads\/2025\/07\/Anh-man-hinh-2025-07-16-luc-10.02.14-1024x430.png 1024w, https:\/\/manglocsu.com\/wp-content\/uploads\/2025\/07\/Anh-man-hinh-2025-07-16-luc-10.02.14-768x322.png 768w, https:\/\/manglocsu.com\/wp-content\/uploads\/2025\/07\/Anh-man-hinh-2025-07-16-luc-10.02.14-1536x645.png 1536w, https:\/\/manglocsu.com\/wp-content\/uploads\/2025\/07\/Anh-man-hinh-2025-07-16-luc-10.02.14-2048x860.png 2048w, https:\/\/manglocsu.com\/wp-content\/uploads\/2025\/07\/Anh-man-hinh-2025-07-16-luc-10.02.14-600x252.png 600w\" sizes=\"(max-width: 2560px) 100vw, 2560px\" \/>\t\t\t\t\t\t\t\t\t\t\t\t\t\t\t<\/div>\n\t\t\t\t<\/div>\n\t\t\t\t<div class=\"elementor-element elementor-element-f078eb2 elementor-widget elementor-widget-heading\" data-id=\"f078eb2\" data-element_type=\"widget\" data-widget_type=\"heading.default\">\n\t\t\t\t<div class=\"elementor-widget-container\">\n\t\t\t\t\t<h2 class=\"elementor-heading-title elementor-size-default\">N\u01b0\u1edbc s\u1ea1ch cho cu\u1ed9c s\u1ed1ng!<\/h2>\t\t\t\t<\/div>\n\t\t\t\t<\/div>\n\t\t\t\t<div class=\"elementor-element elementor-element-3b0caf1 elementor-widget elementor-widget-spacer\" data-id=\"3b0caf1\" data-element_type=\"widget\" data-widget_type=\"spacer.default\">\n\t\t\t\t<div class=\"elementor-widget-container\">\n\t\t\t\t\t\t\t<div class=\"elementor-spacer\">\n\t\t\t<div class=\"elementor-spacer-inner\"><\/div>\n\t\t<\/div>\n\t\t\t\t\t\t<\/div>\n\t\t\t\t<\/div>\n\t\t\t\t\t<\/div>\n\t\t<\/div>\n\t\t\t\t\t<\/div>\n\t\t<\/section>\n\t\t\t\t<\/div>\n\t\t","protected":false},"excerpt":{"rendered":"<p>\ud83d\udd12 CH\u00cdNH S\u00c1CH B\u1ea2O H\u00c0NH 10 N\u0102M \u2013 M\u00c0NG L\u1eccC S\u1ee8 \ud83c\udfaf Cam k\u1ebft t\u1eeb nh\u00e0 cung c\u1ea5p Ch\u00fang t\u00f4i t\u1ef1 h\u00e0o mang \u0111\u1ebfn s\u1ea3n ph\u1ea9m M\u00e0ng L\u1ecdc S\u1ee9 ch\u1ea5t l\u01b0\u1ee3ng cao, \u0111\u01b0\u1ee3c s\u1ea3n xu\u1ea5t theo ti\u00eau chu\u1ea9n qu\u1ed1c t\u1ebf v\u00e0 \u00e1p d\u1ee5ng ch\u00ednh s\u00e1ch b\u1ea3o h\u00e0nh l\u00ean \u0111\u1ebfn 10 n\u0103m \u0111\u1ec3 \u0111\u1ea3m b\u1ea3o s\u1ef1 [&hellip;]<\/p>\n","protected":false},"author":1,"featured_media":0,"parent":0,"menu_order":0,"comment_status":"closed","ping_status":"closed","template":"","meta":{"footnotes":""},"class_list":["post-675","page","type-page","status-publish","hentry"],"_links":{"self":[{"href":"https:\/\/manglocsu.com\/index.php\/wp-json\/wp\/v2\/pages\/675","targetHints":{"allow":["GET"]}}],"collection":[{"href":"https:\/\/manglocsu.com\/index.php\/wp-json\/wp\/v2\/pages"}],"about":[{"href":"https:\/\/manglocsu.com\/index.php\/wp-json\/wp\/v2\/types\/page"}],"author":[{"embeddable":true,"href":"https:\/\/manglocsu.com\/index.php\/wp-json\/wp\/v2\/users\/1"}],"replies":[{"embeddable":true,"href":"https:\/\/manglocsu.com\/index.php\/wp-json\/wp\/v2\/comments?post=675"}],"version-history":[{"count":4,"href":"https:\/\/manglocsu.com\/index.php\/wp-json\/wp\/v2\/pages\/675\/revisions"}],"predecessor-version":[{"id":679,"href":"https:\/\/manglocsu.com\/index.php\/wp-json\/wp\/v2\/pages\/675\/revisions\/679"}],"wp:attachment":[{"href":"https:\/\/manglocsu.com\/index.php\/wp-json\/wp\/v2\/media?parent=675"}],"curies":[{"name":"wp","href":"https:\/\/api.w.org\/{rel}","templated":true}]}}