{"id":95,"date":"2023-04-25T03:03:02","date_gmt":"2023-04-25T03:03:02","guid":{"rendered":"https:\/\/manglocsu.com\/?page_id=95"},"modified":"2025-12-29T07:08:22","modified_gmt":"2025-12-29T07:08:22","slug":"gioi-thieu","status":"publish","type":"page","link":"https:\/\/manglocsu.com\/index.php\/gioi-thieu\/","title":{"rendered":"Gi\u1edbi Thi\u1ec7u"},"content":{"rendered":"\t\t<div data-elementor-type=\"wp-page\" data-elementor-id=\"95\" class=\"elementor elementor-95\" data-elementor-post-type=\"page\">\n\t\t\t\t<div class=\"elementor-element elementor-element-7e90ad9 e-flex e-con-boxed e-con e-parent\" data-id=\"7e90ad9\" data-element_type=\"container\" data-settings=\"{&quot;background_background&quot;:&quot;classic&quot;}\">\n\t\t\t\t\t<div class=\"e-con-inner\">\n\t\t\t\t<div class=\"elementor-element elementor-element-8862e9c elementor-widget elementor-widget-spacer\" data-id=\"8862e9c\" data-element_type=\"widget\" data-widget_type=\"spacer.default\">\n\t\t\t\t<div class=\"elementor-widget-container\">\n\t\t\t\t\t\t\t<div class=\"elementor-spacer\">\n\t\t\t<div class=\"elementor-spacer-inner\"><\/div>\n\t\t<\/div>\n\t\t\t\t\t\t<\/div>\n\t\t\t\t<\/div>\n\t\t\t\t\t<\/div>\n\t\t\t\t<\/div>\n\t\t<div class=\"elementor-element elementor-element-5c2ef6e e-flex e-con-boxed e-con e-parent\" data-id=\"5c2ef6e\" data-element_type=\"container\" data-settings=\"{&quot;background_background&quot;:&quot;classic&quot;}\">\n\t\t\t\t\t<div class=\"e-con-inner\">\n\t\t\t\t<div class=\"elementor-element elementor-element-0fc6f09 elementor--h-position-center elementor--v-position-middle elementor-arrows-position-inside elementor-pagination-position-inside elementor-widget elementor-widget-slides\" data-id=\"0fc6f09\" data-element_type=\"widget\" data-settings=\"{&quot;navigation&quot;:&quot;both&quot;,&quot;autoplay&quot;:&quot;yes&quot;,&quot;pause_on_hover&quot;:&quot;yes&quot;,&quot;pause_on_interaction&quot;:&quot;yes&quot;,&quot;autoplay_speed&quot;:5000,&quot;infinite&quot;:&quot;yes&quot;,&quot;transition&quot;:&quot;slide&quot;,&quot;transition_speed&quot;:500}\" data-widget_type=\"slides.default\">\n\t\t\t\t<div class=\"elementor-widget-container\">\n\t\t\t\t\t\t\t\t\t<div class=\"elementor-swiper\">\n\t\t\t\t\t<div class=\"elementor-slides-wrapper elementor-main-swiper swiper\" role=\"region\" aria-roledescription=\"carousel\" aria-label=\"Slides\" dir=\"ltr\" data-animation=\"fadeInUp\">\n\t\t\t\t<div class=\"swiper-wrapper elementor-slides\">\n\t\t\t\t\t\t\t\t\t\t<div class=\"elementor-repeater-item-74eed1b swiper-slide\" role=\"group\" aria-roledescription=\"slide\"><div class=\"swiper-slide-bg\" role=\"img\" aria-label=\"Capture d\u2019\u00e9cran, le 2021-11-09 \u00e0 12.09.01\"><\/div><div class=\"swiper-slide-inner\" ><div class=\"swiper-slide-contents\"><div class=\"elementor-slide-heading\">L\u1ecaCH S\u1eec PH\u00c1T TRI\u1ec2N  <br>  <br>  C\u1ee6A M\u00c0NG S\u1ee8  <br>   <br>TRONG L\u1eccC N\u01af\u1edaC<\/div><div class=\"elementor-slide-description\">T\u1eeb h\u00e0ng ng\u00e0n n\u0103m tr\u01b0\u1edbc, con ng\u01b0\u1eddi \u0111\u00e3 lu\u00f4n t\u00ecm ki\u1ebfm <br> nh\u1eefng ph\u01b0\u01a1ng ph\u00e1p \u0111\u1ec3 l\u00e0m s\u1ea1ch n\u01b0\u1edbc u\u1ed1ng.  <br> M\u1ed9t trong nh\u1eefng v\u1eadt li\u1ec7u t\u1ef1 nhi\u00ean \u0111\u1ea7u ti\u00ean \u0111\u01b0\u1ee3c s\u1eed d\u1ee5ng <br>  l\u00e0 g\u1ed1m s\u1ee9, nh\u1edd v\u00e0o t\u00ednh ch\u1ea5t l\u1ecdc t\u1ef1 nhi\u00ean v\u00e0 \u0111\u1ed9 b\u1ec1n cao  <br> c\u1ee7a n\u00f3.<\/div><\/div><\/div><\/div>\t\t\t\t<\/div>\n\t\t\t\t\t\t\t<\/div>\n\t\t\t\t<\/div>\n\t\t\t\t\t\t\t\t<\/div>\n\t\t\t\t<\/div>\n\t\t\t\t\t<\/div>\n\t\t\t\t<\/div>\n\t\t\t\t<section class=\"elementor-section elementor-top-section elementor-element elementor-element-93596a0 elementor-section-boxed elementor-section-height-default elementor-section-height-default\" data-id=\"93596a0\" data-element_type=\"section\" data-settings=\"{&quot;background_background&quot;:&quot;classic&quot;}\">\n\t\t\t\t\t\t<div class=\"elementor-container elementor-column-gap-default\">\n\t\t\t\t\t<div class=\"elementor-column elementor-col-100 elementor-top-column elementor-element elementor-element-9101066\" data-id=\"9101066\" data-element_type=\"column\">\n\t\t\t<div class=\"elementor-widget-wrap elementor-element-populated\">\n\t\t\t\t\t\t<div class=\"elementor-element elementor-element-d48458d elementor-widget-divider--view-line elementor-widget elementor-widget-divider\" data-id=\"d48458d\" data-element_type=\"widget\" data-widget_type=\"divider.default\">\n\t\t\t\t<div class=\"elementor-widget-container\">\n\t\t\t\t\t\t\t<div class=\"elementor-divider\">\n\t\t\t<span class=\"elementor-divider-separator\">\n\t\t\t\t\t\t<\/span>\n\t\t<\/div>\n\t\t\t\t\t\t<\/div>\n\t\t\t\t<\/div>\n\t\t\t\t\t<\/div>\n\t\t<\/div>\n\t\t\t\t\t<\/div>\n\t\t<\/section>\n\t\t<div class=\"elementor-element elementor-element-2ef927d e-grid e-con-boxed e-con e-parent\" data-id=\"2ef927d\" data-element_type=\"container\" data-settings=\"{&quot;background_background&quot;:&quot;classic&quot;}\">\n\t\t\t\t\t<div class=\"e-con-inner\">\n\t\t\t\t<div class=\"elementor-element elementor-element-80e167a elementor--h-position-center elementor--v-position-middle elementor-arrows-position-inside elementor-pagination-position-inside elementor-widget elementor-widget-slides\" data-id=\"80e167a\" data-element_type=\"widget\" data-settings=\"{&quot;navigation&quot;:&quot;both&quot;,&quot;autoplay&quot;:&quot;yes&quot;,&quot;pause_on_hover&quot;:&quot;yes&quot;,&quot;pause_on_interaction&quot;:&quot;yes&quot;,&quot;autoplay_speed&quot;:5000,&quot;infinite&quot;:&quot;yes&quot;,&quot;transition&quot;:&quot;slide&quot;,&quot;transition_speed&quot;:500}\" data-widget_type=\"slides.default\">\n\t\t\t\t<div class=\"elementor-widget-container\">\n\t\t\t\t\t\t\t\t\t<div class=\"elementor-swiper\">\n\t\t\t\t\t<div class=\"elementor-slides-wrapper elementor-main-swiper swiper\" role=\"region\" aria-roledescription=\"carousel\" aria-label=\"Slides\" dir=\"ltr\" data-animation=\"fadeInUp\">\n\t\t\t\t<div class=\"swiper-wrapper elementor-slides\">\n\t\t\t\t\t\t\t\t\t\t<div class=\"elementor-repeater-item-d5d01d0 swiper-slide\" role=\"group\" aria-roledescription=\"slide\"><div class=\"swiper-slide-bg\" role=\"img\" aria-label=\"Sanctuary-of-Athena-Delphi-Greece-shutterstock_282952640_c11e51fb1f\"><\/div><div class=\"swiper-slide-inner\" ><div class=\"swiper-slide-contents\"><div class=\"elementor-slide-heading\">Kh\u1edfi ngu\u1ed3n t\u1eeb c\u00e1c n\u1ec1n v\u0103n minh c\u1ed5 \u0111\u1ea1i<\/div><\/div><\/div><\/div>\t\t\t\t<\/div>\n\t\t\t\t\t\t\t<\/div>\n\t\t\t\t<\/div>\n\t\t\t\t\t\t\t\t<\/div>\n\t\t\t\t<\/div>\n\t\t\t\t<div class=\"elementor-element elementor-element-6236a50 elementor--h-position-center elementor--v-position-middle elementor-arrows-position-inside elementor-pagination-position-inside elementor-widget elementor-widget-slides\" data-id=\"6236a50\" data-element_type=\"widget\" data-settings=\"{&quot;navigation&quot;:&quot;both&quot;,&quot;autoplay&quot;:&quot;yes&quot;,&quot;pause_on_hover&quot;:&quot;yes&quot;,&quot;pause_on_interaction&quot;:&quot;yes&quot;,&quot;autoplay_speed&quot;:5000,&quot;infinite&quot;:&quot;yes&quot;,&quot;transition&quot;:&quot;slide&quot;,&quot;transition_speed&quot;:500}\" data-widget_type=\"slides.default\">\n\t\t\t\t<div class=\"elementor-widget-container\">\n\t\t\t\t\t\t\t\t\t<div class=\"elementor-swiper\">\n\t\t\t\t\t<div class=\"elementor-slides-wrapper elementor-main-swiper swiper\" role=\"region\" aria-roledescription=\"carousel\" aria-label=\"Slides\" dir=\"ltr\" data-animation=\"fadeInUp\">\n\t\t\t\t<div class=\"swiper-wrapper elementor-slides\">\n\t\t\t\t\t\t\t\t\t\t<div class=\"elementor-repeater-item-5300c57 swiper-slide\" role=\"group\" aria-roledescription=\"slide\"><div class=\"swiper-slide-bg\"><\/div><div class=\"swiper-slide-inner\" ><div class=\"swiper-slide-contents\"><div class=\"elementor-slide-description\">T\u1ea1i Ai C\u1eadp c\u1ed5 \u0111\u1ea1i, ng\u01b0\u1eddi ta ph\u00e1t hi\u1ec7n ra r\u1eb1ng \u0111\u1ea5t s\u00e9t khi nung \u1edf nhi\u1ec7t \u0111\u1ed9 cao s\u1ebd tr\u1edf n\u00ean c\u1ee9ng, kh\u00f4ng th\u1ea5m n\u01b0\u1edbc v\u00e0 \u0111\u1eb7c bi\u1ec7t c\u00f3 kh\u1ea3 n\u0103ng gi\u1eef l\u1ea1i t\u1ea1p ch\u1ea5t. H\u1ecd b\u1eaft \u0111\u1ea7u s\u1eed d\u1ee5ng b\u00ecnh s\u1ee9 \u0111\u1ec3 ch\u1ee9a n\u01b0\u1edbc \u2013 m\u1ee5c \u0111\u00edch ban \u0111\u1ea7u ch\u1ec9 l\u00e0 b\u1ea3o qu\u1ea3n, nh\u01b0ng theo th\u1eddi gian, h\u1ecd nh\u1eadn th\u1ea5y n\u01b0\u1edbc tr\u1edf n\u00ean tinh khi\u1ebft h\u01a1n nh\u1edd qu\u00e1 tr\u00ecnh l\u1ecdc t\u1ef1 nhi\u00ean qua c\u00e1c l\u1ed7 nh\u1ecf c\u1ee7a s\u1ee9.\n<br>\n\u0110\u1ebfn th\u1eddi Trung Hoa c\u1ed5 \u0111\u1ea1i, c\u00f4ng ngh\u1ec7 l\u1ecdc n\u01b0\u1edbc b\u1eb1ng s\u1ee9 \u0111\u01b0\u1ee3c n\u00e2ng l\u00ean m\u1ed9t t\u1ea7m cao m\u1edbi. Ng\u01b0\u1eddi Trung Hoa k\u1ebft h\u1ee3p s\u1ee9 v\u1edbi than ho\u1ea1t t\u00ednh \u0111\u1ec3 t\u0103ng c\u01b0\u1eddng kh\u1ea3 n\u0103ng lo\u1ea1i b\u1ecf vi khu\u1ea9n v\u00e0 t\u1ea1p ch\u1ea5t. Nh\u1eefng chi\u1ebfc b\u00ecnh l\u1ecdc b\u1eb1ng s\u1ee9 \u0111\u00e3 \u0111\u1eb7t n\u1ec1n m\u00f3ng cho h\u1ec7 th\u1ed1ng l\u1ecdc th\u00f4 s\u01a1 \u0111\u1ea7u ti\u00ean trong l\u1ecbch s\u1eed.<\/div><\/div><\/div><\/div>\t\t\t\t<\/div>\n\t\t\t\t\t\t\t<\/div>\n\t\t\t\t<\/div>\n\t\t\t\t\t\t\t\t<\/div>\n\t\t\t\t<\/div>\n\t\t\t\t\t<\/div>\n\t\t\t\t<\/div>\n\t\t<div class=\"elementor-element elementor-element-46d3919 e-grid e-con-boxed e-con e-parent\" data-id=\"46d3919\" data-element_type=\"container\" data-settings=\"{&quot;background_background&quot;:&quot;classic&quot;}\">\n\t\t\t\t\t<div class=\"e-con-inner\">\n\t\t\t\t<div class=\"elementor-element elementor-element-4136e67 elementor--h-position-center elementor--v-position-middle elementor-arrows-position-inside elementor-pagination-position-inside elementor-widget elementor-widget-slides\" data-id=\"4136e67\" data-element_type=\"widget\" data-settings=\"{&quot;navigation&quot;:&quot;both&quot;,&quot;autoplay&quot;:&quot;yes&quot;,&quot;pause_on_hover&quot;:&quot;yes&quot;,&quot;pause_on_interaction&quot;:&quot;yes&quot;,&quot;autoplay_speed&quot;:5000,&quot;infinite&quot;:&quot;yes&quot;,&quot;transition&quot;:&quot;slide&quot;,&quot;transition_speed&quot;:500}\" data-widget_type=\"slides.default\">\n\t\t\t\t<div class=\"elementor-widget-container\">\n\t\t\t\t\t\t\t\t\t<div class=\"elementor-swiper\">\n\t\t\t\t\t<div class=\"elementor-slides-wrapper elementor-main-swiper swiper\" role=\"region\" aria-roledescription=\"carousel\" aria-label=\"Slides\" dir=\"ltr\" data-animation=\"fadeInUp\">\n\t\t\t\t<div class=\"swiper-wrapper elementor-slides\">\n\t\t\t\t\t\t\t\t\t\t<div class=\"elementor-repeater-item-d5d01d0 swiper-slide\" role=\"group\" aria-roledescription=\"slide\"><div class=\"swiper-slide-bg\" role=\"img\" aria-label=\"La Defense, business district in Paris\"><\/div><div class=\"swiper-slide-inner\" ><div class=\"swiper-slide-contents\"><div class=\"elementor-slide-heading\">T\u1eeb ch\u00e2u \u00c2u \u0111\u1ebfn th\u1ebf gi\u1edbi hi\u1ec7n \u0111\u1ea1i<\/div><\/div><\/div><\/div>\t\t\t\t<\/div>\n\t\t\t\t\t\t\t<\/div>\n\t\t\t\t<\/div>\n\t\t\t\t\t\t\t\t<\/div>\n\t\t\t\t<\/div>\n\t\t\t\t<div class=\"elementor-element elementor-element-39770a7 elementor--h-position-center elementor--v-position-middle elementor-arrows-position-inside elementor-pagination-position-inside elementor-widget elementor-widget-slides\" data-id=\"39770a7\" data-element_type=\"widget\" data-settings=\"{&quot;navigation&quot;:&quot;both&quot;,&quot;autoplay&quot;:&quot;yes&quot;,&quot;pause_on_hover&quot;:&quot;yes&quot;,&quot;pause_on_interaction&quot;:&quot;yes&quot;,&quot;autoplay_speed&quot;:5000,&quot;infinite&quot;:&quot;yes&quot;,&quot;transition&quot;:&quot;slide&quot;,&quot;transition_speed&quot;:500}\" data-widget_type=\"slides.default\">\n\t\t\t\t<div class=\"elementor-widget-container\">\n\t\t\t\t\t\t\t\t\t<div class=\"elementor-swiper\">\n\t\t\t\t\t<div class=\"elementor-slides-wrapper elementor-main-swiper swiper\" role=\"region\" aria-roledescription=\"carousel\" aria-label=\"Slides\" dir=\"ltr\" data-animation=\"fadeInUp\">\n\t\t\t\t<div class=\"swiper-wrapper elementor-slides\">\n\t\t\t\t\t\t\t\t\t\t<div class=\"elementor-repeater-item-5300c57 swiper-slide\" role=\"group\" aria-roledescription=\"slide\"><div class=\"swiper-slide-bg\"><\/div><div class=\"swiper-slide-inner\" ><div class=\"swiper-slide-contents\"><div class=\"elementor-slide-description\">V\u00e0o th\u1eddi k\u1ef3 Ph\u1ee5c H\u01b0ng t\u1ea1i ch\u00e2u \u00c2u, c\u00f9ng v\u1edbi s\u1ef1 ti\u1ebfn b\u1ed9 c\u1ee7a khoa h\u1ecdc \u2013 c\u00e1c nh\u00e0 nghi\u00ean c\u1ee9u b\u1eaft \u0111\u1ea7u ch\u00fa \u00fd \u0111\u1ebfn \u1ee9ng d\u1ee5ng c\u1ee7a s\u1ee9 trong vi\u1ec7c l\u1ecdc n\u01b0\u1edbc. <br> \u0110\u1ebfn th\u1ebf k\u1ef7 19, vi\u1ec7c ph\u00e1t minh ra b\u1ed9 l\u1ecdc s\u1ee9 c\u00f3 l\u1ed7 si\u00eau nh\u1ecf \u0111\u00e3 m\u1edf ra m\u1ed9t b\u01b0\u1edbc ngo\u1eb7t \u2013 gi\u00fap lo\u1ea1i b\u1ecf vi khu\u1ea9n v\u00e0 c\u00e1c h\u1ea1t nh\u1ecf hi\u1ec7u qu\u1ea3, \u0111\u1eb7t n\u1ec1n m\u00f3ng cho c\u00e1c b\u1ed9 l\u1ecdc hi\u1ec7n \u0111\u1ea1i ng\u00e0y nay.\n<br>\nSang \u0111\u1ea7u th\u1ebf k\u1ef7 20, b\u1ed9 l\u1ecdc s\u1ee9 tr\u1edf n\u00ean ph\u1ed5 bi\u1ebfn h\u01a1n trong gia \u0111\u00ecnh v\u00e0 c\u1ea3 h\u1ec7 th\u1ed1ng n\u01b0\u1edbc c\u00f4ng c\u1ed9ng. Kh\u00f4ng ch\u1ec9 hi\u1ec7u qu\u1ea3, m\u00e0ng s\u1ee9 c\u00f2n c\u00f3 th\u1ec3 t\u00e1i s\u1eed d\u1ee5ng sau khi v\u1ec7 sinh \u2013 gi\u00fap ti\u1ebft ki\u1ec7m chi ph\u00ed v\u00e0 th\u00e2n thi\u1ec7n v\u1edbi m\u00f4i tr\u01b0\u1eddng.<\/div><\/div><\/div><\/div>\t\t\t\t<\/div>\n\t\t\t\t\t\t\t<\/div>\n\t\t\t\t<\/div>\n\t\t\t\t\t\t\t\t<\/div>\n\t\t\t\t<\/div>\n\t\t\t\t\t<\/div>\n\t\t\t\t<\/div>\n\t\t\t\t<section class=\"elementor-section elementor-top-section elementor-element elementor-element-226e9a0 elementor-section-boxed elementor-section-height-default elementor-section-height-default\" data-id=\"226e9a0\" data-element_type=\"section\" data-settings=\"{&quot;background_background&quot;:&quot;classic&quot;}\">\n\t\t\t\t\t\t<div class=\"elementor-container elementor-column-gap-default\">\n\t\t\t\t\t<div class=\"elementor-column elementor-col-100 elementor-top-column elementor-element elementor-element-66f6e12\" data-id=\"66f6e12\" data-element_type=\"column\">\n\t\t\t<div class=\"elementor-widget-wrap elementor-element-populated\">\n\t\t\t\t\t\t<div class=\"elementor-element elementor-element-5d1f322 elementor-widget elementor-widget-spacer\" data-id=\"5d1f322\" data-element_type=\"widget\" data-widget_type=\"spacer.default\">\n\t\t\t\t<div class=\"elementor-widget-container\">\n\t\t\t\t\t\t\t<div class=\"elementor-spacer\">\n\t\t\t<div class=\"elementor-spacer-inner\"><\/div>\n\t\t<\/div>\n\t\t\t\t\t\t<\/div>\n\t\t\t\t<\/div>\n\t\t\t\t\t<\/div>\n\t\t<\/div>\n\t\t\t\t\t<\/div>\n\t\t<\/section>\n\t\t\t\t<\/div>\n\t\t","protected":false},"excerpt":{"rendered":"<p>L\u1ecaCH S\u1eec PH\u00c1T TRI\u1ec2N C\u1ee6A M\u00c0NG S\u1ee8 TRONG L\u1eccC N\u01af\u1edaCT\u1eeb h\u00e0ng ng\u00e0n n\u0103m tr\u01b0\u1edbc, con ng\u01b0\u1eddi \u0111\u00e3 lu\u00f4n t\u00ecm ki\u1ebfm nh\u1eefng ph\u01b0\u01a1ng ph\u00e1p \u0111\u1ec3 l\u00e0m s\u1ea1ch n\u01b0\u1edbc u\u1ed1ng. M\u1ed9t trong nh\u1eefng v\u1eadt li\u1ec7u t\u1ef1 nhi\u00ean \u0111\u1ea7u ti\u00ean \u0111\u01b0\u1ee3c s\u1eed d\u1ee5ng l\u00e0 g\u1ed1m s\u1ee9, nh\u1edd v\u00e0o t\u00ednh ch\u1ea5t l\u1ecdc t\u1ef1 nhi\u00ean v\u00e0 \u0111\u1ed9 b\u1ec1n cao c\u1ee7a [&hellip;]<\/p>\n","protected":false},"author":1,"featured_media":0,"parent":0,"menu_order":0,"comment_status":"closed","ping_status":"closed","template":"","meta":{"footnotes":""},"class_list":["post-95","page","type-page","status-publish","hentry"],"_links":{"self":[{"href":"https:\/\/manglocsu.com\/index.php\/wp-json\/wp\/v2\/pages\/95","targetHints":{"allow":["GET"]}}],"collection":[{"href":"https:\/\/manglocsu.com\/index.php\/wp-json\/wp\/v2\/pages"}],"about":[{"href":"https:\/\/manglocsu.com\/index.php\/wp-json\/wp\/v2\/types\/page"}],"author":[{"embeddable":true,"href":"https:\/\/manglocsu.com\/index.php\/wp-json\/wp\/v2\/users\/1"}],"replies":[{"embeddable":true,"href":"https:\/\/manglocsu.com\/index.php\/wp-json\/wp\/v2\/comments?post=95"}],"version-history":[{"count":85,"href":"https:\/\/manglocsu.com\/index.php\/wp-json\/wp\/v2\/pages\/95\/revisions"}],"predecessor-version":[{"id":1391,"href":"https:\/\/manglocsu.com\/index.php\/wp-json\/wp\/v2\/pages\/95\/revisions\/1391"}],"wp:attachment":[{"href":"https:\/\/manglocsu.com\/index.php\/wp-json\/wp\/v2\/media?parent=95"}],"curies":[{"name":"wp","href":"https:\/\/api.w.org\/{rel}","templated":true}]}}